{"id":149,"date":"2021-11-12T12:09:56","date_gmt":"2021-11-12T12:09:56","guid":{"rendered":"https:\/\/www.luzukdemo.com\/demo\/kitchen-decor\/?page_id=149"},"modified":"2026-03-07T19:45:09","modified_gmt":"2026-03-07T22:45:09","slug":"perguntas-frequentes","status":"publish","type":"page","link":"https:\/\/aulaexata.com\/home\/perguntas-frequentes\/","title":{"rendered":"Perguntas frequentes"},"content":{"rendered":"\n<div class=\"faq\">                     <div class=\"col-md-12 faq-content pd-0\" data-wow-duration=\"3s\">\n                         <button class=\"accordion\"> <h3 class=\"faq-title\">Como funcionam as aulas?<\/h3><\/button>\n                         <div class=\"panel wow zoomIn\">\n                           <div class=\"faq-description\"> <p>As aulas s\u00e3o realizadas de forma PRESENCIAL (na resid\u00eancia do estudante ou em locais p\u00fablicos) ou ONLINE (via Google Meet).<\/p>\n                <\/div>\n            <\/div>\n        <\/div>\n                         <div class=\"col-md-12 faq-content pd-0\" data-wow-duration=\"3s\">\n                         <button class=\"accordion\"> <h3 class=\"faq-title\">Quanto custam as aulas?<\/h3><\/button>\n                         <div class=\"panel wow zoomIn\">\n                           <div class=\"faq-description\"> <p>O pre\u00e7o das aulas depende da sua modalidade (presencial ou online) e da complexidade dos assuntos a serem estudados. Em decorr\u00eancia destes fatores, os valores podem variar entre r$70 e r$120 por hora-aula.<\/p>\n                <\/div>\n            <\/div>\n        <\/div>\n                         <div class=\"col-md-12 faq-content pd-0\" data-wow-duration=\"3s\">\n                         <button class=\"accordion\"> <h3 class=\"faq-title\">Como agendo uma aula teste? \u00c9 gratuita?<\/h3><\/button>\n                         <div class=\"panel wow zoomIn\">\n                           <div class=\"faq-description\"> <p>As aulas podem ser agendadas por mensagem, telefone ou WhatsApp. No caso das AULAS ONLINE h\u00e1 a possibilidade de agendar uma aula teste gratuita (de 35 a 50 minutos) onde ser\u00e1 exposta a metodologia adotada.<\/p>\n                <\/div>\n            <\/div>\n        <\/div>\n                         <div class=\"col-md-12 faq-content pd-0\" data-wow-duration=\"3s\">\n                         <button class=\"accordion\"> <h3 class=\"faq-title\">Quanto tempo antes o agendamento deve ser realizado?<\/h3><\/button>\n                         <div class=\"panel wow zoomIn\">\n                           <div class=\"faq-description\"> <p>Recomenda-se que os agendamentos sejam feitos com pelo menos 48 horas de anteced\u00eancia, para que as aulas possam ser devidamente preparadas.<\/p>\n                <\/div>\n            <\/div>\n        <\/div>\n                         <div class=\"col-md-12 faq-content pd-0\" data-wow-duration=\"3s\">\n                         <button class=\"accordion\"> <h3 class=\"faq-title\">Como funciona a altera\u00e7\u00e3o dos agendamentos?<\/h3><\/button>\n                         <div class=\"panel wow zoomIn\">\n                           <div class=\"faq-description\"> <p>Solicita-se que as desmarca\u00e7\u00f5es de hor\u00e1rios, se necess\u00e1rias, sejam feitas com pelo menos 5 horas de anteced\u00eancia ao hor\u00e1rio marcado. Diante de imprevistos, reserva-se ao professor o mesmo direito.<\/p>\n                <\/div>\n            <\/div>\n        <\/div>\n                         <div class=\"col-md-12 faq-content pd-0\" data-wow-duration=\"3s\">\n                         <button class=\"accordion\"> <h3 class=\"faq-title\">A AULA EXATA realiza prova para os alunos?<\/h3><\/button>\n                         <div class=\"panel wow zoomIn\">\n                           <div class=\"faq-description\"> <p>N\u00e3o prestamos este tipo de servi\u00e7o. No entanto, podemos ajudar os estudantes na realiza\u00e7\u00e3o de trabalhos e atividades que contribuam para a constru\u00e7\u00e3o do seu conhecimento e bom desempenho nas disciplinas.<\/p>\n                <\/div>\n            <\/div>\n        <\/div>\n                         <div class=\"col-md-12 faq-content pd-0\" data-wow-duration=\"3s\">\n                         <button class=\"accordion\"> <h3 class=\"faq-title\">A AULA EXATA faz atendimentos emergenciais?<\/h3><\/button>\n                         <div class=\"panel wow zoomIn\">\n                           <div class=\"faq-description\"> <p>As demandas por aulas ou atividades, que sejam feitas com pouca antecipa\u00e7\u00e3o, depender\u00e3o da disponibilidade de hor\u00e1rios para serem atendidas.<\/p>\n                <\/div>\n            <\/div>\n        <\/div>\n    <div class=\"clearfix\"><\/div>\n<\/div>\n<script>\n    var acc = document.getElementsByClassName(\"accordion\");\n    var i;\n\n    for (i = 0; i < acc.length; i++) {\n        acc[i].onclick = function(){\n            this.classList.toggle(\"active\");\n            this.nextElementSibling.classList.toggle(\"show\");\n        }\n    }\n<\/script>\n\n\n\n\n<!-- Event snippet for Visualiza\u00e7\u00e3o de p\u00e1gina conversion page -->\n<script>\n  gtag('event', 'conversion', {\n      'send_to': 'AW-16686323153\/QoNtCMust84ZENGr1JQ-',\n      'value': 1.0,\n      'currency': 'BRL'\n  });\n<\/script>\n\n\n\n<p><\/p>\n","protected":false},"excerpt":{"rendered":"","protected":false},"author":2,"featured_media":1874,"parent":0,"menu_order":0,"comment_status":"closed","ping_status":"closed","template":"","meta":{"_joinchat":[],"footnotes":""},"class_list":["post-149","page","type-page","status-publish","has-post-thumbnail","hentry"],"yoast_head":"<!-- This site is optimized with the Yoast SEO plugin v27.3 - https:\/\/yoast.com\/product\/yoast-seo-wordpress\/ -->\n<title>Perguntas frequentes - Aula Exata<\/title>\n<meta name=\"description\" content=\"Tire suas d\u00favidas sobre acesso, funcionamento do site, conte\u00fados e uso da plataforma na se\u00e7\u00e3o de perguntas frequentes do Aula Exata.\" \/>\n<meta name=\"robots\" content=\"index, follow, max-snippet:-1, max-image-preview:large, max-video-preview:-1\" \/>\n<link rel=\"canonical\" href=\"https:\/\/aulaexata.com\/home\/perguntas-frequentes\/\" \/>\n<meta property=\"og:locale\" content=\"pt_BR\" \/>\n<meta property=\"og:type\" content=\"article\" \/>\n<meta property=\"og:title\" content=\"Perguntas frequentes - Aula Exata\" \/>\n<meta property=\"og:description\" content=\"Tire suas d\u00favidas sobre acesso, funcionamento do site, conte\u00fados e uso da plataforma na se\u00e7\u00e3o de perguntas frequentes do Aula Exata.\" \/>\n<meta property=\"og:url\" content=\"https:\/\/aulaexata.com\/home\/perguntas-frequentes\/\" \/>\n<meta property=\"og:site_name\" content=\"Aula Exata\" \/>\n<meta property=\"article:modified_time\" content=\"2026-03-07T22:45:09+00:00\" \/>\n<meta name=\"twitter:card\" content=\"summary_large_image\" \/>\n<meta name=\"twitter:label1\" content=\"Est. tempo de leitura\" \/>\n\t<meta name=\"twitter:data1\" content=\"1 minuto\" \/>\n<script type=\"application\/ld+json\" class=\"yoast-schema-graph\">{\"@context\":\"https:\\\/\\\/schema.org\",\"@graph\":[{\"@type\":[\"WebPage\",\"FAQPage\"],\"@id\":\"https:\\\/\\\/aulaexata.com\\\/home\\\/perguntas-frequentes\\\/\",\"url\":\"https:\\\/\\\/aulaexata.com\\\/home\\\/perguntas-frequentes\\\/\",\"name\":\"Perguntas frequentes - Aula Exata\",\"isPartOf\":{\"@id\":\"https:\\\/\\\/aulaexata.com\\\/home\\\/#website\"},\"primaryImageOfPage\":{\"@id\":\"https:\\\/\\\/aulaexata.com\\\/home\\\/perguntas-frequentes\\\/#primaryimage\"},\"image\":{\"@id\":\"https:\\\/\\\/aulaexata.com\\\/home\\\/perguntas-frequentes\\\/#primaryimage\"},\"thumbnailUrl\":\"\",\"datePublished\":\"2021-11-12T12:09:56+00:00\",\"dateModified\":\"2026-03-07T22:45:09+00:00\",\"description\":\"Tire suas d\u00favidas sobre acesso, funcionamento do site, conte\u00fados e uso da plataforma na se\u00e7\u00e3o de perguntas frequentes do Aula Exata.\",\"breadcrumb\":{\"@id\":\"https:\\\/\\\/aulaexata.com\\\/home\\\/perguntas-frequentes\\\/#breadcrumb\"},\"inLanguage\":\"pt-BR\",\"potentialAction\":[{\"@type\":\"ReadAction\",\"target\":[\"https:\\\/\\\/aulaexata.com\\\/home\\\/perguntas-frequentes\\\/\"]}]},{\"@type\":\"ImageObject\",\"inLanguage\":\"pt-BR\",\"@id\":\"https:\\\/\\\/aulaexata.com\\\/home\\\/perguntas-frequentes\\\/#primaryimage\",\"url\":\"\",\"contentUrl\":\"\"},{\"@type\":\"BreadcrumbList\",\"@id\":\"https:\\\/\\\/aulaexata.com\\\/home\\\/perguntas-frequentes\\\/#breadcrumb\",\"itemListElement\":[{\"@type\":\"ListItem\",\"position\":1,\"name\":\"In\u00edcio\",\"item\":\"https:\\\/\\\/aulaexata.com\\\/home\\\/\"},{\"@type\":\"ListItem\",\"position\":2,\"name\":\"Perguntas frequentes\"}]},{\"@type\":\"WebSite\",\"@id\":\"https:\\\/\\\/aulaexata.com\\\/home\\\/#website\",\"url\":\"https:\\\/\\\/aulaexata.com\\\/home\\\/\",\"name\":\"Aula Exata\",\"description\":\"\",\"publisher\":{\"@id\":\"https:\\\/\\\/aulaexata.com\\\/home\\\/#organization\"},\"potentialAction\":[{\"@type\":\"SearchAction\",\"target\":{\"@type\":\"EntryPoint\",\"urlTemplate\":\"https:\\\/\\\/aulaexata.com\\\/home\\\/?s={search_term_string}\"},\"query-input\":{\"@type\":\"PropertyValueSpecification\",\"valueRequired\":true,\"valueName\":\"search_term_string\"}}],\"inLanguage\":\"pt-BR\"},{\"@type\":\"Organization\",\"@id\":\"https:\\\/\\\/aulaexata.com\\\/home\\\/#organization\",\"name\":\"Aula Exata\",\"url\":\"https:\\\/\\\/aulaexata.com\\\/home\\\/\",\"logo\":{\"@type\":\"ImageObject\",\"inLanguage\":\"pt-BR\",\"@id\":\"https:\\\/\\\/aulaexata.com\\\/home\\\/#\\\/schema\\\/logo\\\/image\\\/\",\"url\":\"https:\\\/\\\/aulaexata.com\\\/home\\\/wp-content\\\/uploads\\\/2023\\\/10\\\/logo-aula-exata.png\",\"contentUrl\":\"https:\\\/\\\/aulaexata.com\\\/home\\\/wp-content\\\/uploads\\\/2023\\\/10\\\/logo-aula-exata.png\",\"width\":155,\"height\":45,\"caption\":\"Aula Exata\"},\"image\":{\"@id\":\"https:\\\/\\\/aulaexata.com\\\/home\\\/#\\\/schema\\\/logo\\\/image\\\/\"}}]}<\/script>\n<!-- \/ Yoast SEO plugin. -->","yoast_head_json":{"title":"Perguntas frequentes - Aula Exata","description":"Tire suas d\u00favidas sobre acesso, funcionamento do site, conte\u00fados e uso da plataforma na se\u00e7\u00e3o de perguntas frequentes do Aula Exata.","robots":{"index":"index","follow":"follow","max-snippet":"max-snippet:-1","max-image-preview":"max-image-preview:large","max-video-preview":"max-video-preview:-1"},"canonical":"https:\/\/aulaexata.com\/home\/perguntas-frequentes\/","og_locale":"pt_BR","og_type":"article","og_title":"Perguntas frequentes - Aula Exata","og_description":"Tire suas d\u00favidas sobre acesso, funcionamento do site, conte\u00fados e uso da plataforma na se\u00e7\u00e3o de perguntas frequentes do Aula Exata.","og_url":"https:\/\/aulaexata.com\/home\/perguntas-frequentes\/","og_site_name":"Aula Exata","article_modified_time":"2026-03-07T22:45:09+00:00","twitter_card":"summary_large_image","twitter_misc":{"Est. tempo de leitura":"1 minuto"},"schema":{"@context":"https:\/\/schema.org","@graph":[{"@type":["WebPage","FAQPage"],"@id":"https:\/\/aulaexata.com\/home\/perguntas-frequentes\/","url":"https:\/\/aulaexata.com\/home\/perguntas-frequentes\/","name":"Perguntas frequentes - Aula Exata","isPartOf":{"@id":"https:\/\/aulaexata.com\/home\/#website"},"primaryImageOfPage":{"@id":"https:\/\/aulaexata.com\/home\/perguntas-frequentes\/#primaryimage"},"image":{"@id":"https:\/\/aulaexata.com\/home\/perguntas-frequentes\/#primaryimage"},"thumbnailUrl":"","datePublished":"2021-11-12T12:09:56+00:00","dateModified":"2026-03-07T22:45:09+00:00","description":"Tire suas d\u00favidas sobre acesso, funcionamento do site, conte\u00fados e uso da plataforma na se\u00e7\u00e3o de perguntas frequentes do Aula Exata.","breadcrumb":{"@id":"https:\/\/aulaexata.com\/home\/perguntas-frequentes\/#breadcrumb"},"inLanguage":"pt-BR","potentialAction":[{"@type":"ReadAction","target":["https:\/\/aulaexata.com\/home\/perguntas-frequentes\/"]}]},{"@type":"ImageObject","inLanguage":"pt-BR","@id":"https:\/\/aulaexata.com\/home\/perguntas-frequentes\/#primaryimage","url":"","contentUrl":""},{"@type":"BreadcrumbList","@id":"https:\/\/aulaexata.com\/home\/perguntas-frequentes\/#breadcrumb","itemListElement":[{"@type":"ListItem","position":1,"name":"In\u00edcio","item":"https:\/\/aulaexata.com\/home\/"},{"@type":"ListItem","position":2,"name":"Perguntas frequentes"}]},{"@type":"WebSite","@id":"https:\/\/aulaexata.com\/home\/#website","url":"https:\/\/aulaexata.com\/home\/","name":"Aula Exata","description":"","publisher":{"@id":"https:\/\/aulaexata.com\/home\/#organization"},"potentialAction":[{"@type":"SearchAction","target":{"@type":"EntryPoint","urlTemplate":"https:\/\/aulaexata.com\/home\/?s={search_term_string}"},"query-input":{"@type":"PropertyValueSpecification","valueRequired":true,"valueName":"search_term_string"}}],"inLanguage":"pt-BR"},{"@type":"Organization","@id":"https:\/\/aulaexata.com\/home\/#organization","name":"Aula Exata","url":"https:\/\/aulaexata.com\/home\/","logo":{"@type":"ImageObject","inLanguage":"pt-BR","@id":"https:\/\/aulaexata.com\/home\/#\/schema\/logo\/image\/","url":"https:\/\/aulaexata.com\/home\/wp-content\/uploads\/2023\/10\/logo-aula-exata.png","contentUrl":"https:\/\/aulaexata.com\/home\/wp-content\/uploads\/2023\/10\/logo-aula-exata.png","width":155,"height":45,"caption":"Aula Exata"},"image":{"@id":"https:\/\/aulaexata.com\/home\/#\/schema\/logo\/image\/"}}]}},"_links":{"self":[{"href":"https:\/\/aulaexata.com\/home\/wp-json\/wp\/v2\/pages\/149","targetHints":{"allow":["GET"]}}],"collection":[{"href":"https:\/\/aulaexata.com\/home\/wp-json\/wp\/v2\/pages"}],"about":[{"href":"https:\/\/aulaexata.com\/home\/wp-json\/wp\/v2\/types\/page"}],"author":[{"embeddable":true,"href":"https:\/\/aulaexata.com\/home\/wp-json\/wp\/v2\/users\/2"}],"replies":[{"embeddable":true,"href":"https:\/\/aulaexata.com\/home\/wp-json\/wp\/v2\/comments?post=149"}],"version-history":[{"count":10,"href":"https:\/\/aulaexata.com\/home\/wp-json\/wp\/v2\/pages\/149\/revisions"}],"predecessor-version":[{"id":3061,"href":"https:\/\/aulaexata.com\/home\/wp-json\/wp\/v2\/pages\/149\/revisions\/3061"}],"wp:featuredmedia":[{"embeddable":true,"href":"https:\/\/aulaexata.com\/home\/wp-json\/"}],"wp:attachment":[{"href":"https:\/\/aulaexata.com\/home\/wp-json\/wp\/v2\/media?parent=149"}],"curies":[{"name":"wp","href":"https:\/\/api.w.org\/{rel}","templated":true}]}}