{"id":2838,"date":"2023-10-16T20:40:58","date_gmt":"2023-10-16T23:40:58","guid":{"rendered":"https:\/\/aulaexata.com\/home\/?page_id=2838"},"modified":"2026-03-07T19:55:17","modified_gmt":"2026-03-07T22:55:17","slug":"seja-um-professor-parceiro","status":"publish","type":"page","link":"https:\/\/aulaexata.com\/home\/seja-um-professor-parceiro\/","title":{"rendered":"Seja um professor parceiro"},"content":{"rendered":"\n<p>Se voc\u00ea \u00e9 professora ou professor e tem interesse em ministrar aulas particulares, envie-nos seu curr\u00edculo. A <strong>Aula Exata<\/strong> tem interesse em parcerias talentosas e comprometidas com a miss\u00e3o de ensinar.<\/p>\n\n\n\n<br>\n\n\n\n<div class=\"wpcf7 no-js\" id=\"wpcf7-f2590-o1\" lang=\"pt-BR\" dir=\"ltr\" data-wpcf7-id=\"2590\">\n<div class=\"screen-reader-response\"><p role=\"status\" aria-live=\"polite\" aria-atomic=\"true\"><\/p> <ul><\/ul><\/div>\n<form action=\"\/home\/wp-json\/wp\/v2\/pages\/2838#wpcf7-f2590-o1\" method=\"post\" class=\"wpcf7-form init\" aria-label=\"Formul\u00e1rios de contato\" enctype=\"multipart\/form-data\" novalidate=\"novalidate\" data-status=\"init\">\n<fieldset class=\"hidden-fields-container\"><input type=\"hidden\" name=\"_wpcf7\" value=\"2590\" \/><input type=\"hidden\" name=\"_wpcf7_version\" value=\"6.1.5\" \/><input type=\"hidden\" name=\"_wpcf7_locale\" value=\"pt_BR\" \/><input type=\"hidden\" name=\"_wpcf7_unit_tag\" value=\"wpcf7-f2590-o1\" \/><input type=\"hidden\" name=\"_wpcf7_container_post\" value=\"0\" \/><input type=\"hidden\" name=\"_wpcf7_posted_data_hash\" value=\"\" \/>\n<\/fieldset>\n<p>Preencha os campos abaixo:\n<\/p>\n<p><label><br \/>\nSeu nome<br \/>\n<span class=\"wpcf7-form-control-wrap\" data-name=\"your-name\"><input size=\"40\" maxlength=\"400\" class=\"wpcf7-form-control wpcf7-text wpcf7-validates-as-required\" autocomplete=\"name\" aria-required=\"true\" aria-invalid=\"false\" value=\"\" type=\"text\" name=\"your-name\" \/><\/span><br \/>\n<\/label>\n<\/p>\n<p><label><br \/>\nSeu e-mail<br \/>\n<span class=\"wpcf7-form-control-wrap\" data-name=\"your-email\"><input size=\"40\" maxlength=\"400\" class=\"wpcf7-form-control wpcf7-email wpcf7-validates-as-required wpcf7-text wpcf7-validates-as-email\" autocomplete=\"email\" aria-required=\"true\" aria-invalid=\"false\" value=\"\" type=\"email\" name=\"your-email\" \/><\/span><br \/>\n<\/label>\n<\/p>\n<p><label><br \/>\nQuais disciplinas voc\u00ea leciona?<br \/>\n<span class=\"wpcf7-form-control-wrap\" data-name=\"your-message\"><textarea cols=\"40\" rows=\"10\" maxlength=\"2000\" class=\"wpcf7-form-control wpcf7-textarea\" aria-invalid=\"false\" name=\"your-message\"><\/textarea><\/span><br \/>\n<\/label>\n<\/p>\n<p><strong>Anexe o seu curr\u00edculo<\/strong><br \/>\n<label style=\"border: 1px solid #ccc; padding: 10px; display: inline-block;\"><br \/>\n<span class=\"wpcf7-form-control-wrap\" data-name=\"file-362\"><input size=\"40\" class=\"wpcf7-form-control wpcf7-file\" accept=\".pdf,.word\" aria-invalid=\"false\" type=\"file\" name=\"file-362\" \/><\/span><br \/>\n<\/label>\n<\/p>\n<p><input class=\"wpcf7-form-control wpcf7-submit has-spinner\" type=\"submit\" value=\"Enviar\" \/>\n<\/p><p style=\"display: none !important;\" class=\"akismet-fields-container\" data-prefix=\"_wpcf7_ak_\"><label>&#916;<textarea name=\"_wpcf7_ak_hp_textarea\" cols=\"45\" rows=\"8\" maxlength=\"100\"><\/textarea><\/label><input type=\"hidden\" id=\"ak_js_1\" name=\"_wpcf7_ak_js\" value=\"250\"\/><script>document.getElementById( \"ak_js_1\" ).setAttribute( \"value\", ( new Date() ).getTime() );<\/script><\/p><input type='hidden' class='wpcf7-pum' value='{\"closepopup\":false,\"closedelay\":0,\"openpopup\":false,\"openpopup_id\":0}' \/><div class=\"wpcf7-response-output\" aria-hidden=\"true\"><\/div>\n<\/form>\n<\/div>\n\n","protected":false},"excerpt":{"rendered":"<p>Se voc\u00ea \u00e9 professora ou professor e tem interesse em ministrar aulas particulares, envie-nos seu curr\u00edculo. A Aula Exata tem interesse em parcerias talentosas e comprometidas com a miss\u00e3o de ensinar.<\/p>\n","protected":false},"author":1,"featured_media":2819,"parent":0,"menu_order":0,"comment_status":"closed","ping_status":"closed","template":"","meta":{"_joinchat":[],"footnotes":""},"class_list":["post-2838","page","type-page","status-publish","has-post-thumbnail","hentry"],"yoast_head":"<!-- This site is optimized with the Yoast SEO plugin v27.3 - https:\/\/yoast.com\/product\/yoast-seo-wordpress\/ -->\n<title>Seja um professor parceiro - Aula Exata<\/title>\n<meta name=\"description\" content=\"Seja um professor parceiro e publique conte\u00fados educativos para ajudar estudantes e compartilhar conhecimento.\" \/>\n<meta name=\"robots\" content=\"index, follow, max-snippet:-1, max-image-preview:large, max-video-preview:-1\" \/>\n<link rel=\"canonical\" href=\"https:\/\/aulaexata.com\/home\/seja-um-professor-parceiro\/\" \/>\n<meta property=\"og:locale\" content=\"pt_BR\" \/>\n<meta property=\"og:type\" content=\"article\" \/>\n<meta property=\"og:title\" content=\"Seja um professor parceiro - Aula Exata\" \/>\n<meta property=\"og:description\" content=\"Seja um professor parceiro e publique conte\u00fados educativos para ajudar estudantes e compartilhar conhecimento.\" \/>\n<meta property=\"og:url\" content=\"https:\/\/aulaexata.com\/home\/seja-um-professor-parceiro\/\" \/>\n<meta property=\"og:site_name\" content=\"Aula Exata\" \/>\n<meta property=\"article:modified_time\" content=\"2026-03-07T22:55:17+00:00\" \/>\n<meta property=\"og:image\" content=\"https:\/\/aulaexata.com\/home\/wp-content\/uploads\/2023\/10\/classes.png\" \/>\n\t<meta property=\"og:image:width\" content=\"768\" \/>\n\t<meta property=\"og:image:height\" content=\"128\" \/>\n\t<meta property=\"og:image:type\" content=\"image\/png\" \/>\n<meta name=\"twitter:card\" content=\"summary_large_image\" \/>\n<meta name=\"twitter:label1\" content=\"Est. tempo de leitura\" \/>\n\t<meta name=\"twitter:data1\" content=\"1 minuto\" \/>\n<script type=\"application\/ld+json\" class=\"yoast-schema-graph\">{\"@context\":\"https:\\\/\\\/schema.org\",\"@graph\":[{\"@type\":\"WebPage\",\"@id\":\"https:\\\/\\\/aulaexata.com\\\/home\\\/seja-um-professor-parceiro\\\/\",\"url\":\"https:\\\/\\\/aulaexata.com\\\/home\\\/seja-um-professor-parceiro\\\/\",\"name\":\"Seja um professor parceiro - Aula Exata\",\"isPartOf\":{\"@id\":\"https:\\\/\\\/aulaexata.com\\\/home\\\/#website\"},\"primaryImageOfPage\":{\"@id\":\"https:\\\/\\\/aulaexata.com\\\/home\\\/seja-um-professor-parceiro\\\/#primaryimage\"},\"image\":{\"@id\":\"https:\\\/\\\/aulaexata.com\\\/home\\\/seja-um-professor-parceiro\\\/#primaryimage\"},\"thumbnailUrl\":\"https:\\\/\\\/aulaexata.com\\\/home\\\/wp-content\\\/uploads\\\/2023\\\/10\\\/classes.png\",\"datePublished\":\"2023-10-16T23:40:58+00:00\",\"dateModified\":\"2026-03-07T22:55:17+00:00\",\"description\":\"Seja um professor parceiro e publique conte\u00fados educativos para ajudar estudantes e compartilhar conhecimento.\",\"breadcrumb\":{\"@id\":\"https:\\\/\\\/aulaexata.com\\\/home\\\/seja-um-professor-parceiro\\\/#breadcrumb\"},\"inLanguage\":\"pt-BR\",\"potentialAction\":[{\"@type\":\"ReadAction\",\"target\":[\"https:\\\/\\\/aulaexata.com\\\/home\\\/seja-um-professor-parceiro\\\/\"]}]},{\"@type\":\"ImageObject\",\"inLanguage\":\"pt-BR\",\"@id\":\"https:\\\/\\\/aulaexata.com\\\/home\\\/seja-um-professor-parceiro\\\/#primaryimage\",\"url\":\"https:\\\/\\\/aulaexata.com\\\/home\\\/wp-content\\\/uploads\\\/2023\\\/10\\\/classes.png\",\"contentUrl\":\"https:\\\/\\\/aulaexata.com\\\/home\\\/wp-content\\\/uploads\\\/2023\\\/10\\\/classes.png\",\"width\":768,\"height\":128},{\"@type\":\"BreadcrumbList\",\"@id\":\"https:\\\/\\\/aulaexata.com\\\/home\\\/seja-um-professor-parceiro\\\/#breadcrumb\",\"itemListElement\":[{\"@type\":\"ListItem\",\"position\":1,\"name\":\"In\u00edcio\",\"item\":\"https:\\\/\\\/aulaexata.com\\\/home\\\/\"},{\"@type\":\"ListItem\",\"position\":2,\"name\":\"Seja um professor parceiro\"}]},{\"@type\":\"WebSite\",\"@id\":\"https:\\\/\\\/aulaexata.com\\\/home\\\/#website\",\"url\":\"https:\\\/\\\/aulaexata.com\\\/home\\\/\",\"name\":\"Aula Exata\",\"description\":\"\",\"publisher\":{\"@id\":\"https:\\\/\\\/aulaexata.com\\\/home\\\/#organization\"},\"potentialAction\":[{\"@type\":\"SearchAction\",\"target\":{\"@type\":\"EntryPoint\",\"urlTemplate\":\"https:\\\/\\\/aulaexata.com\\\/home\\\/?s={search_term_string}\"},\"query-input\":{\"@type\":\"PropertyValueSpecification\",\"valueRequired\":true,\"valueName\":\"search_term_string\"}}],\"inLanguage\":\"pt-BR\"},{\"@type\":\"Organization\",\"@id\":\"https:\\\/\\\/aulaexata.com\\\/home\\\/#organization\",\"name\":\"Aula Exata\",\"url\":\"https:\\\/\\\/aulaexata.com\\\/home\\\/\",\"logo\":{\"@type\":\"ImageObject\",\"inLanguage\":\"pt-BR\",\"@id\":\"https:\\\/\\\/aulaexata.com\\\/home\\\/#\\\/schema\\\/logo\\\/image\\\/\",\"url\":\"https:\\\/\\\/aulaexata.com\\\/home\\\/wp-content\\\/uploads\\\/2023\\\/10\\\/logo-aula-exata.png\",\"contentUrl\":\"https:\\\/\\\/aulaexata.com\\\/home\\\/wp-content\\\/uploads\\\/2023\\\/10\\\/logo-aula-exata.png\",\"width\":155,\"height\":45,\"caption\":\"Aula Exata\"},\"image\":{\"@id\":\"https:\\\/\\\/aulaexata.com\\\/home\\\/#\\\/schema\\\/logo\\\/image\\\/\"}}]}<\/script>\n<!-- \/ Yoast SEO plugin. -->","yoast_head_json":{"title":"Seja um professor parceiro - Aula Exata","description":"Seja um professor parceiro e publique conte\u00fados educativos para ajudar estudantes e compartilhar conhecimento.","robots":{"index":"index","follow":"follow","max-snippet":"max-snippet:-1","max-image-preview":"max-image-preview:large","max-video-preview":"max-video-preview:-1"},"canonical":"https:\/\/aulaexata.com\/home\/seja-um-professor-parceiro\/","og_locale":"pt_BR","og_type":"article","og_title":"Seja um professor parceiro - Aula Exata","og_description":"Seja um professor parceiro e publique conte\u00fados educativos para ajudar estudantes e compartilhar conhecimento.","og_url":"https:\/\/aulaexata.com\/home\/seja-um-professor-parceiro\/","og_site_name":"Aula Exata","article_modified_time":"2026-03-07T22:55:17+00:00","og_image":[{"width":768,"height":128,"url":"https:\/\/aulaexata.com\/home\/wp-content\/uploads\/2023\/10\/classes.png","type":"image\/png"}],"twitter_card":"summary_large_image","twitter_misc":{"Est. tempo de leitura":"1 minuto"},"schema":{"@context":"https:\/\/schema.org","@graph":[{"@type":"WebPage","@id":"https:\/\/aulaexata.com\/home\/seja-um-professor-parceiro\/","url":"https:\/\/aulaexata.com\/home\/seja-um-professor-parceiro\/","name":"Seja um professor parceiro - Aula Exata","isPartOf":{"@id":"https:\/\/aulaexata.com\/home\/#website"},"primaryImageOfPage":{"@id":"https:\/\/aulaexata.com\/home\/seja-um-professor-parceiro\/#primaryimage"},"image":{"@id":"https:\/\/aulaexata.com\/home\/seja-um-professor-parceiro\/#primaryimage"},"thumbnailUrl":"https:\/\/aulaexata.com\/home\/wp-content\/uploads\/2023\/10\/classes.png","datePublished":"2023-10-16T23:40:58+00:00","dateModified":"2026-03-07T22:55:17+00:00","description":"Seja um professor parceiro e publique conte\u00fados educativos para ajudar estudantes e compartilhar conhecimento.","breadcrumb":{"@id":"https:\/\/aulaexata.com\/home\/seja-um-professor-parceiro\/#breadcrumb"},"inLanguage":"pt-BR","potentialAction":[{"@type":"ReadAction","target":["https:\/\/aulaexata.com\/home\/seja-um-professor-parceiro\/"]}]},{"@type":"ImageObject","inLanguage":"pt-BR","@id":"https:\/\/aulaexata.com\/home\/seja-um-professor-parceiro\/#primaryimage","url":"https:\/\/aulaexata.com\/home\/wp-content\/uploads\/2023\/10\/classes.png","contentUrl":"https:\/\/aulaexata.com\/home\/wp-content\/uploads\/2023\/10\/classes.png","width":768,"height":128},{"@type":"BreadcrumbList","@id":"https:\/\/aulaexata.com\/home\/seja-um-professor-parceiro\/#breadcrumb","itemListElement":[{"@type":"ListItem","position":1,"name":"In\u00edcio","item":"https:\/\/aulaexata.com\/home\/"},{"@type":"ListItem","position":2,"name":"Seja um professor parceiro"}]},{"@type":"WebSite","@id":"https:\/\/aulaexata.com\/home\/#website","url":"https:\/\/aulaexata.com\/home\/","name":"Aula Exata","description":"","publisher":{"@id":"https:\/\/aulaexata.com\/home\/#organization"},"potentialAction":[{"@type":"SearchAction","target":{"@type":"EntryPoint","urlTemplate":"https:\/\/aulaexata.com\/home\/?s={search_term_string}"},"query-input":{"@type":"PropertyValueSpecification","valueRequired":true,"valueName":"search_term_string"}}],"inLanguage":"pt-BR"},{"@type":"Organization","@id":"https:\/\/aulaexata.com\/home\/#organization","name":"Aula Exata","url":"https:\/\/aulaexata.com\/home\/","logo":{"@type":"ImageObject","inLanguage":"pt-BR","@id":"https:\/\/aulaexata.com\/home\/#\/schema\/logo\/image\/","url":"https:\/\/aulaexata.com\/home\/wp-content\/uploads\/2023\/10\/logo-aula-exata.png","contentUrl":"https:\/\/aulaexata.com\/home\/wp-content\/uploads\/2023\/10\/logo-aula-exata.png","width":155,"height":45,"caption":"Aula Exata"},"image":{"@id":"https:\/\/aulaexata.com\/home\/#\/schema\/logo\/image\/"}}]}},"_links":{"self":[{"href":"https:\/\/aulaexata.com\/home\/wp-json\/wp\/v2\/pages\/2838","targetHints":{"allow":["GET"]}}],"collection":[{"href":"https:\/\/aulaexata.com\/home\/wp-json\/wp\/v2\/pages"}],"about":[{"href":"https:\/\/aulaexata.com\/home\/wp-json\/wp\/v2\/types\/page"}],"author":[{"embeddable":true,"href":"https:\/\/aulaexata.com\/home\/wp-json\/wp\/v2\/users\/1"}],"replies":[{"embeddable":true,"href":"https:\/\/aulaexata.com\/home\/wp-json\/wp\/v2\/comments?post=2838"}],"version-history":[{"count":3,"href":"https:\/\/aulaexata.com\/home\/wp-json\/wp\/v2\/pages\/2838\/revisions"}],"predecessor-version":[{"id":3157,"href":"https:\/\/aulaexata.com\/home\/wp-json\/wp\/v2\/pages\/2838\/revisions\/3157"}],"wp:featuredmedia":[{"embeddable":true,"href":"https:\/\/aulaexata.com\/home\/wp-json\/wp\/v2\/media\/2819"}],"wp:attachment":[{"href":"https:\/\/aulaexata.com\/home\/wp-json\/wp\/v2\/media?parent=2838"}],"curies":[{"name":"wp","href":"https:\/\/api.w.org\/{rel}","templated":true}]}}